{"id":17,"date":"2024-04-24T06:45:28","date_gmt":"2024-04-24T06:45:28","guid":{"rendered":"https:\/\/hpmartikainen.fi\/?page_id=17"},"modified":"2024-11-12T18:51:57","modified_gmt":"2024-11-12T18:51:57","slug":"etusivu","status":"publish","type":"page","link":"https:\/\/hpmartikainen.fi\/","title":{"rendered":"Etusivu"},"content":{"rendered":"\n<div class=\"wp-block-cover alignfull is-light\" style=\"min-height:700px;aspect-ratio:unset;\"><span aria-hidden=\"true\" class=\"wp-block-cover__background has-background-dim-0 has-background-dim\" style=\"background-color:#94b9b0\"><\/span><img loading=\"lazy\" decoding=\"async\" width=\"2560\" height=\"1709\" class=\"wp-block-cover__image-background wp-image-41\" alt=\"\" src=\"https:\/\/hpmartikainen.fi\/wp-content\/uploads\/2024\/04\/iStock-1097747328-1-scaled.jpg\" data-object-fit=\"cover\" srcset=\"https:\/\/hpmartikainen.fi\/wp-content\/uploads\/2024\/04\/iStock-1097747328-1-scaled.jpg 2560w, https:\/\/hpmartikainen.fi\/wp-content\/uploads\/2024\/04\/iStock-1097747328-1-300x200.jpg 300w, https:\/\/hpmartikainen.fi\/wp-content\/uploads\/2024\/04\/iStock-1097747328-1-1024x684.jpg 1024w, https:\/\/hpmartikainen.fi\/wp-content\/uploads\/2024\/04\/iStock-1097747328-1-768x513.jpg 768w, https:\/\/hpmartikainen.fi\/wp-content\/uploads\/2024\/04\/iStock-1097747328-1-1536x1025.jpg 1536w, https:\/\/hpmartikainen.fi\/wp-content\/uploads\/2024\/04\/iStock-1097747328-1-2048x1367.jpg 2048w, https:\/\/hpmartikainen.fi\/wp-content\/uploads\/2024\/04\/iStock-1097747328-1-930x620.jpg 930w\" sizes=\"auto, (max-width: 2560px) 100vw, 2560px\" \/><div class=\"wp-block-cover__inner-container is-layout-flow wp-block-cover-is-layout-flow\">\n<h1 class=\"wp-block-heading has-text-align-center has-text-color\" style=\"color:#121212\"><em>Luotettava \u00f6ljykauppa jo vuodesta 2007<\/em><\/h1>\n\n\n\n<div style=\"height:80px\" aria-hidden=\"true\" class=\"wp-block-spacer\"><\/div>\n\n\n\n<p class=\"has-text-align-center has-text-color\" style=\"color:#121212;font-size:17px\"><\/p>\n\n\n\n<div class=\"wp-block-buttons is-content-justification-center is-layout-flex wp-container-core-buttons-is-layout-16018d1d wp-block-buttons-is-layout-flex\">\n<div class=\"wp-block-button is-style-primary\"><a class=\"wp-block-button__link wp-element-button\" href=\"https:\/\/hpmartikainen.fi\/index.php\/tuotteet\/\">TUOTTEET<\/a><\/div>\n\n\n\n<div class=\"wp-block-button is-style-secondary\"><a class=\"wp-block-button__link wp-element-button\" href=\"https:\/\/hpmartikainen.fi\/index.php\/otayhteytta\/\" target=\"_blank\" rel=\"noreferrer noopener\">OTA YHTEYTT\u00c4<\/a><\/div>\n<\/div>\n\n\n\n<div style=\"height:80px\" aria-hidden=\"true\" class=\"wp-block-spacer\"><\/div>\n\n\n\n<div style=\"height:80px\" aria-hidden=\"true\" class=\"wp-block-spacer\"><\/div>\n<\/div><\/div>\n\n\n\n<div class=\"wp-block-columns is-layout-flex wp-container-core-columns-is-layout-9d6595d7 wp-block-columns-is-layout-flex\">\n<div class=\"wp-block-column is-layout-flow wp-block-column-is-layout-flow\">\n<div style=\"height:67px\" aria-hidden=\"true\" class=\"wp-block-spacer\"><\/div>\n\n\n<div class=\"wp-block-image icon-style is-style-default\">\n<figure class=\"aligncenter size-full is-resized\"><img loading=\"lazy\" decoding=\"async\" width=\"512\" height=\"512\" src=\"https:\/\/hpmartikainen.fi\/wp-content\/uploads\/2024\/04\/172527_price_tag_euro_icon.png\" alt=\"\" class=\"wp-image-44\" style=\"width:76px;height:auto\" srcset=\"https:\/\/hpmartikainen.fi\/wp-content\/uploads\/2024\/04\/172527_price_tag_euro_icon.png 512w, https:\/\/hpmartikainen.fi\/wp-content\/uploads\/2024\/04\/172527_price_tag_euro_icon-300x300.png 300w, https:\/\/hpmartikainen.fi\/wp-content\/uploads\/2024\/04\/172527_price_tag_euro_icon-150x150.png 150w\" sizes=\"auto, (max-width: 512px) 100vw, 512px\" \/><\/figure>\n<\/div>\n\n\n<h3 class=\"wp-block-heading has-text-align-center has-neve-text-color-color has-text-color\">KILPAILUKYKYISET HINNAT<\/h3>\n\n\n\n<p class=\"has-text-align-center\">Pid\u00e4mme huolen, ett\u00e4 asiakkaamme saa tarvitsemansa tuotteet aina kilpailukykyiseen hintaan.<\/p>\n<\/div>\n\n\n\n<div class=\"wp-block-column is-vertically-aligned-top is-layout-flow wp-block-column-is-layout-flow\">\n<div style=\"height:67px\" aria-hidden=\"true\" class=\"wp-block-spacer\"><\/div>\n\n\n<div class=\"wp-block-image icon-style is-style-default\">\n<figure class=\"aligncenter size-full is-resized\"><img loading=\"lazy\" decoding=\"async\" width=\"512\" height=\"512\" src=\"https:\/\/hpmartikainen.fi\/wp-content\/uploads\/2024\/04\/1291768_delivery_fast_quick_truck_logistics_icon.png\" alt=\"\" class=\"wp-image-43\" style=\"width:76px;height:auto\" srcset=\"https:\/\/hpmartikainen.fi\/wp-content\/uploads\/2024\/04\/1291768_delivery_fast_quick_truck_logistics_icon.png 512w, https:\/\/hpmartikainen.fi\/wp-content\/uploads\/2024\/04\/1291768_delivery_fast_quick_truck_logistics_icon-300x300.png 300w, https:\/\/hpmartikainen.fi\/wp-content\/uploads\/2024\/04\/1291768_delivery_fast_quick_truck_logistics_icon-150x150.png 150w\" sizes=\"auto, (max-width: 512px) 100vw, 512px\" \/><\/figure>\n<\/div>\n\n\n<h3 class=\"wp-block-heading has-text-align-center has-neve-text-color-color has-text-color\">NOPEA TOIMITUS<\/h3>\n\n\n\n<p class=\"has-text-align-center\">Meille on t\u00e4rke\u00e4\u00e4, ett\u00e4 tilatut tuotteet toimitetaan ripe\u00e4sti ja sovitusti. <\/p>\n\n\n\n<div style=\"height:20px\" aria-hidden=\"true\" class=\"wp-block-spacer\"><\/div>\n<\/div>\n\n\n\n<div class=\"wp-block-column is-layout-flow wp-block-column-is-layout-flow\">\n<div style=\"height:67px\" aria-hidden=\"true\" class=\"wp-block-spacer\"><\/div>\n\n\n<div class=\"wp-block-image icon-style is-style-rounded\">\n<figure class=\"aligncenter size-full is-resized\"><img loading=\"lazy\" decoding=\"async\" width=\"512\" height=\"512\" src=\"https:\/\/hpmartikainen.fi\/wp-content\/uploads\/2024\/04\/7830619_warehouse_storage_icon.png\" alt=\"\" class=\"wp-image-47\" style=\"width:76px;height:auto\" srcset=\"https:\/\/hpmartikainen.fi\/wp-content\/uploads\/2024\/04\/7830619_warehouse_storage_icon.png 512w, https:\/\/hpmartikainen.fi\/wp-content\/uploads\/2024\/04\/7830619_warehouse_storage_icon-300x300.png 300w, https:\/\/hpmartikainen.fi\/wp-content\/uploads\/2024\/04\/7830619_warehouse_storage_icon-150x150.png 150w\" sizes=\"auto, (max-width: 512px) 100vw, 512px\" \/><\/figure>\n<\/div>\n\n\n<h3 class=\"wp-block-heading has-text-align-center has-neve-text-color-color has-text-color\">OMA NOUTOVARASTO<\/h3>\n\n\n\n<p class=\"has-text-align-center\">Yll\u00e4pid\u00e4mme omaa varastoa. T\u00e4m\u00e4 mahdollistaa tuotteiden noudon ja nopeat toimitukset.<\/p>\n\n\n\n<div style=\"height:20px\" aria-hidden=\"true\" class=\"wp-block-spacer\"><\/div>\n<\/div>\n<\/div>\n","protected":false},"excerpt":{"rendered":"<p>KILPAILUKYKYISET HINNAT Pid\u00e4mme huolen, ett\u00e4 asiakkaamme saa tarvitsemansa tuotteet aina kilpailukykyiseen hintaan. NOPEA TOIMITUS Meille on t\u00e4rke\u00e4\u00e4, ett\u00e4 tilatut tuotteet toimitetaan ripe\u00e4sti ja sovitusti. OMA NOUTOVARASTO Yll\u00e4pid\u00e4mme omaa varastoa. T\u00e4m\u00e4 mahdollistaa tuotteiden noudon ja nopeat toimitukset.<\/p>\n","protected":false},"author":1,"featured_media":0,"parent":0,"menu_order":0,"comment_status":"closed","ping_status":"closed","template":"","meta":{"neve_meta_sidebar":"","neve_meta_container":"","neve_meta_enable_content_width":"on","neve_meta_content_width":100,"neve_meta_title_alignment":"","neve_meta_author_avatar":"","neve_post_elements_order":"","neve_meta_disable_header":"","neve_meta_disable_footer":"","neve_meta_disable_title":"on","footnotes":""},"class_list":["post-17","page","type-page","status-publish","hentry"],"_links":{"self":[{"href":"https:\/\/hpmartikainen.fi\/index.php\/wp-json\/wp\/v2\/pages\/17","targetHints":{"allow":["GET"]}}],"collection":[{"href":"https:\/\/hpmartikainen.fi\/index.php\/wp-json\/wp\/v2\/pages"}],"about":[{"href":"https:\/\/hpmartikainen.fi\/index.php\/wp-json\/wp\/v2\/types\/page"}],"author":[{"embeddable":true,"href":"https:\/\/hpmartikainen.fi\/index.php\/wp-json\/wp\/v2\/users\/1"}],"replies":[{"embeddable":true,"href":"https:\/\/hpmartikainen.fi\/index.php\/wp-json\/wp\/v2\/comments?post=17"}],"version-history":[{"count":10,"href":"https:\/\/hpmartikainen.fi\/index.php\/wp-json\/wp\/v2\/pages\/17\/revisions"}],"predecessor-version":[{"id":90,"href":"https:\/\/hpmartikainen.fi\/index.php\/wp-json\/wp\/v2\/pages\/17\/revisions\/90"}],"wp:attachment":[{"href":"https:\/\/hpmartikainen.fi\/index.php\/wp-json\/wp\/v2\/media?parent=17"}],"curies":[{"name":"wp","href":"https:\/\/api.w.org\/{rel}","templated":true}]}}