{"id":18,"date":"2024-04-24T06:45:28","date_gmt":"2024-04-24T06:45:28","guid":{"rendered":"https:\/\/hpmartikainen.fi\/?page_id=18"},"modified":"2025-11-12T18:58:49","modified_gmt":"2025-11-12T18:58:49","slug":"tuotteet","status":"publish","type":"page","link":"https:\/\/hpmartikainen.fi\/index.php\/tuotteet\/","title":{"rendered":"Tuotteet"},"content":{"rendered":"\n<div class=\"wp-block-cover alignfull is-light\" style=\"min-height:600px;aspect-ratio:unset;\"><span aria-hidden=\"true\" class=\"wp-block-cover__background has-nv-light-bg-background-color has-background-dim-100 has-background-dim\"><\/span><div class=\"wp-block-cover__inner-container is-layout-flow wp-block-cover-is-layout-flow\">\n<div class=\"wp-block-group\"><div class=\"wp-block-group__inner-container is-layout-flow wp-block-group-is-layout-flow\">\n<div style=\"height:80px\" aria-hidden=\"true\" class=\"wp-block-spacer\"><\/div>\n\n\n\n<h2 class=\"wp-block-heading has-neve-text-color-color has-text-color\">Tuotteet<\/h2>\n\n\n\n<p>Kauttamme kustannustehokkaasti l\u00e4mmitys- ja moottoripoltto\u00f6ljyt sek\u00e4 voiteluaineet, dieselit, pienkonepolttoaineet sek\u00e4 AdBlue\u00ae ja j\u00e4\u00e4hdytinnesteet koteihin, maatiloille, ty\u00f6maille ja yrityksiin. Takaamme toimituksen nopeasti ja luotettavasti, kun Sinulle sopii! <strong>Ota yhteytt\u00e4 <a href=\"https:\/\/hpmartikainen.fi\/index.php\/otayhteytta\/\" data-type=\"page\" data-id=\"20\">t\u00e4\u00e4lt\u00e4<\/a>!<\/strong><\/p>\n\n\n\n<ul class=\"wp-block-list\">\n<li>Voiteluaineet<\/li>\n\n\n\n<li>L\u00e4mmitys- ja moottoripoltto\u00f6ljyt<\/li>\n\n\n\n<li>Diesel<\/li>\n\n\n\n<li>AdBlue\u00ae<\/li>\n\n\n\n<li>J\u00e4\u00e4hdytinnesteet<\/li>\n\n\n\n<li>Pesuaineet ja tuulilasinpesuaineet<\/li>\n\n\n\n<li>Pienkonepolttoaineet<\/li>\n<\/ul>\n\n\n\n<div class=\"wp-block-columns are-vertically-aligned-center is-layout-flex wp-container-core-columns-is-layout-9d6595d7 wp-block-columns-is-layout-flex\">\n<div class=\"wp-block-column is-vertically-aligned-center is-layout-flow wp-block-column-is-layout-flow\" style=\"flex-basis:50%\">\n<h2 class=\"wp-block-heading has-neve-text-color-color has-text-color\">Tuotemerkit<\/h2>\n\n\n\n<ul class=\"wp-block-list\">\n<li>Neste<\/li>\n\n\n\n<li>Valvoline<\/li>\n\n\n\n<li>Arom-Dekor<\/li>\n\n\n\n<li>Transclean<\/li>\n<\/ul>\n<\/div>\n<\/div>\n\n\n\n<div style=\"height:40px\" aria-hidden=\"true\" class=\"wp-block-spacer\"><\/div>\n<\/div><\/div>\n<\/div><\/div>\n\n\n\n<div class=\"wp-block-columns is-layout-flex wp-container-core-columns-is-layout-9d6595d7 wp-block-columns-is-layout-flex\">\n<div class=\"wp-block-column is-layout-flow wp-block-column-is-layout-flow\">\n<div style=\"height:67px\" aria-hidden=\"true\" class=\"wp-block-spacer\"><\/div>\n\n\n<div class=\"wp-block-image icon-style is-style-default\">\n<figure class=\"aligncenter size-full is-resized\"><img loading=\"lazy\" decoding=\"async\" width=\"512\" height=\"512\" src=\"https:\/\/hpmartikainen.fi\/wp-content\/uploads\/2024\/04\/172527_price_tag_euro_icon.png\" alt=\"\" class=\"wp-image-44\" style=\"width:76px;height:auto\" srcset=\"https:\/\/hpmartikainen.fi\/wp-content\/uploads\/2024\/04\/172527_price_tag_euro_icon.png 512w, https:\/\/hpmartikainen.fi\/wp-content\/uploads\/2024\/04\/172527_price_tag_euro_icon-300x300.png 300w, https:\/\/hpmartikainen.fi\/wp-content\/uploads\/2024\/04\/172527_price_tag_euro_icon-150x150.png 150w\" sizes=\"auto, (max-width: 512px) 100vw, 512px\" \/><\/figure>\n<\/div>\n\n\n<h3 class=\"wp-block-heading has-text-align-center has-neve-text-color-color has-text-color\">KILPAILUKYKYISET HINNAT<\/h3>\n\n\n\n<p class=\"has-text-align-center\">Pid\u00e4mme huolen, ett\u00e4 asiakkaamme saa tarvitsemansa tuotteet aina kilpailukykyiseen hintaan.<\/p>\n<\/div>\n\n\n\n<div class=\"wp-block-column is-vertically-aligned-top is-layout-flow wp-block-column-is-layout-flow\">\n<div style=\"height:67px\" aria-hidden=\"true\" class=\"wp-block-spacer\"><\/div>\n\n\n<div class=\"wp-block-image icon-style is-style-default\">\n<figure class=\"aligncenter size-full is-resized\"><img loading=\"lazy\" decoding=\"async\" width=\"512\" height=\"512\" src=\"https:\/\/hpmartikainen.fi\/wp-content\/uploads\/2024\/04\/1291768_delivery_fast_quick_truck_logistics_icon.png\" alt=\"\" class=\"wp-image-43\" style=\"width:76px;height:auto\" srcset=\"https:\/\/hpmartikainen.fi\/wp-content\/uploads\/2024\/04\/1291768_delivery_fast_quick_truck_logistics_icon.png 512w, https:\/\/hpmartikainen.fi\/wp-content\/uploads\/2024\/04\/1291768_delivery_fast_quick_truck_logistics_icon-300x300.png 300w, https:\/\/hpmartikainen.fi\/wp-content\/uploads\/2024\/04\/1291768_delivery_fast_quick_truck_logistics_icon-150x150.png 150w\" sizes=\"auto, (max-width: 512px) 100vw, 512px\" \/><\/figure>\n<\/div>\n\n\n<h3 class=\"wp-block-heading has-text-align-center has-neve-text-color-color has-text-color\">NOPEA TOIMITUS<\/h3>\n\n\n\n<p class=\"has-text-align-center\">Meille on t\u00e4rke\u00e4\u00e4, ett\u00e4 tilatut tuotteet toimitetaan ripe\u00e4sti ja sovitusti. <\/p>\n\n\n\n<div style=\"height:20px\" aria-hidden=\"true\" class=\"wp-block-spacer\"><\/div>\n<\/div>\n\n\n\n<div class=\"wp-block-column is-layout-flow wp-block-column-is-layout-flow\">\n<div style=\"height:67px\" aria-hidden=\"true\" class=\"wp-block-spacer\"><\/div>\n\n\n<div class=\"wp-block-image icon-style is-style-rounded\">\n<figure class=\"aligncenter size-full is-resized\"><img loading=\"lazy\" decoding=\"async\" width=\"512\" height=\"512\" src=\"https:\/\/hpmartikainen.fi\/wp-content\/uploads\/2024\/04\/7830619_warehouse_storage_icon.png\" alt=\"\" class=\"wp-image-47\" style=\"width:76px;height:auto\" srcset=\"https:\/\/hpmartikainen.fi\/wp-content\/uploads\/2024\/04\/7830619_warehouse_storage_icon.png 512w, https:\/\/hpmartikainen.fi\/wp-content\/uploads\/2024\/04\/7830619_warehouse_storage_icon-300x300.png 300w, https:\/\/hpmartikainen.fi\/wp-content\/uploads\/2024\/04\/7830619_warehouse_storage_icon-150x150.png 150w\" sizes=\"auto, (max-width: 512px) 100vw, 512px\" \/><\/figure>\n<\/div>\n\n\n<h3 class=\"wp-block-heading has-text-align-center has-neve-text-color-color has-text-color\">OMA NOUTOVARASTO<\/h3>\n\n\n\n<p class=\"has-text-align-center\">Yll\u00e4pid\u00e4mme omaa varastoa. T\u00e4m\u00e4 mahdollistaa tuotteiden noudon ja nopeat toimitukset.<\/p>\n\n\n\n<div style=\"height:20px\" aria-hidden=\"true\" class=\"wp-block-spacer\"><\/div>\n<\/div>\n<\/div>\n","protected":false},"excerpt":{"rendered":"<p>KILPAILUKYKYISET HINNAT Pid\u00e4mme huolen, ett\u00e4 asiakkaamme saa tarvitsemansa tuotteet aina kilpailukykyiseen hintaan. NOPEA TOIMITUS Meille on t\u00e4rke\u00e4\u00e4, ett\u00e4 tilatut tuotteet toimitetaan ripe\u00e4sti ja sovitusti. OMA NOUTOVARASTO Yll\u00e4pid\u00e4mme omaa varastoa. T\u00e4m\u00e4 mahdollistaa tuotteiden noudon ja nopeat toimitukset.<\/p>\n","protected":false},"author":1,"featured_media":0,"parent":0,"menu_order":0,"comment_status":"closed","ping_status":"closed","template":"","meta":{"neve_meta_sidebar":"","neve_meta_container":"","neve_meta_enable_content_width":"on","neve_meta_content_width":100,"neve_meta_title_alignment":"","neve_meta_author_avatar":"","neve_post_elements_order":"","neve_meta_disable_header":"","neve_meta_disable_footer":"","neve_meta_disable_title":"on","footnotes":""},"class_list":["post-18","page","type-page","status-publish","hentry"],"_links":{"self":[{"href":"https:\/\/hpmartikainen.fi\/index.php\/wp-json\/wp\/v2\/pages\/18","targetHints":{"allow":["GET"]}}],"collection":[{"href":"https:\/\/hpmartikainen.fi\/index.php\/wp-json\/wp\/v2\/pages"}],"about":[{"href":"https:\/\/hpmartikainen.fi\/index.php\/wp-json\/wp\/v2\/types\/page"}],"author":[{"embeddable":true,"href":"https:\/\/hpmartikainen.fi\/index.php\/wp-json\/wp\/v2\/users\/1"}],"replies":[{"embeddable":true,"href":"https:\/\/hpmartikainen.fi\/index.php\/wp-json\/wp\/v2\/comments?post=18"}],"version-history":[{"count":8,"href":"https:\/\/hpmartikainen.fi\/index.php\/wp-json\/wp\/v2\/pages\/18\/revisions"}],"predecessor-version":[{"id":107,"href":"https:\/\/hpmartikainen.fi\/index.php\/wp-json\/wp\/v2\/pages\/18\/revisions\/107"}],"wp:attachment":[{"href":"https:\/\/hpmartikainen.fi\/index.php\/wp-json\/wp\/v2\/media?parent=18"}],"curies":[{"name":"wp","href":"https:\/\/api.w.org\/{rel}","templated":true}]}}