{"id":20,"date":"2024-04-24T06:45:28","date_gmt":"2024-04-24T06:45:28","guid":{"rendered":"https:\/\/hpmartikainen.fi\/?page_id=20"},"modified":"2024-11-12T18:52:52","modified_gmt":"2024-11-12T18:52:52","slug":"otayhteytta","status":"publish","type":"page","link":"https:\/\/hpmartikainen.fi\/index.php\/otayhteytta\/","title":{"rendered":"Ota yhteytt\u00e4"},"content":{"rendered":"\n<div class=\"wp-block-cover alignfull is-light\" style=\"min-height:600px;aspect-ratio:unset;\"><span aria-hidden=\"true\" class=\"wp-block-cover__background has-nv-light-bg-background-color has-background-dim-100 has-background-dim\"><\/span><div class=\"wp-block-cover__inner-container is-layout-flow wp-block-cover-is-layout-flow\">\n<div class=\"wp-block-group\"><div class=\"wp-block-group__inner-container is-layout-flow wp-block-group-is-layout-flow\">\n<div class=\"wp-block-columns is-layout-flex wp-container-core-columns-is-layout-9d6595d7 wp-block-columns-is-layout-flex\">\n<div class=\"wp-block-column is-vertically-aligned-top is-layout-flow wp-block-column-is-layout-flow\" style=\"flex-basis:50%\">\n<div class=\"wp-block-group\"><div class=\"wp-block-group__inner-container is-layout-constrained wp-block-group-is-layout-constrained\">\n<div style=\"height:24px\" aria-hidden=\"true\" class=\"wp-block-spacer\"><\/div>\n\n\n\n<h3 class=\"wp-block-heading has-text-align-center has-neve-text-color-color has-text-color\">Ota yhteytt\u00e4<\/h3>\n\n\n\n<div class=\"wp-block-group\"><div class=\"wp-block-group__inner-container is-layout-constrained wp-block-group-is-layout-constrained\">\n<div class=\"wp-block-group\"><div class=\"wp-block-group__inner-container is-layout-constrained wp-block-group-is-layout-constrained\">\n<p class=\"has-text-align-center has-neve-text-color-color has-text-color\"><strong>Heikki Martikainen<\/strong><\/p>\n<\/div><\/div>\n<\/div><\/div>\n\n\n\n<div class=\"wp-block-group\"><div class=\"wp-block-group__inner-container is-layout-constrained wp-block-group-is-layout-constrained\">\n<p class=\"has-text-align-center has-neve-text-color-color has-text-color\">0400559997<\/p>\n<\/div><\/div>\n\n\n\n<p class=\"has-text-align-center\">heikki@hpmartikainen.fi<\/p>\n<\/div><\/div>\n<\/div>\n\n\n\n<div class=\"wp-block-column is-layout-flow wp-block-column-is-layout-flow\" style=\"flex-basis:50%\">\n<div style=\"height:24px\" aria-hidden=\"true\" class=\"wp-block-spacer\"><\/div>\n\n\n\n<div class=\"wp-block-group\"><div class=\"wp-block-group__inner-container is-layout-constrained wp-block-group-is-layout-constrained\">\n<h3 class=\"wp-block-heading has-text-align-center has-neve-text-color-color has-text-color\">Yhteydenottolomake<\/h3>\n<\/div><\/div>\n\n\n<div class=\"wpforms-container wpforms-container-full wpforms-block wpforms-block-6bdd0c65-10af-4a46-82a9-666e5995d85f wpforms-render-modern\" id=\"wpforms-58\"><form id=\"wpforms-form-58\" class=\"wpforms-validate wpforms-form wpforms-ajax-form\" data-formid=\"58\" method=\"post\" enctype=\"multipart\/form-data\" action=\"\/index.php\/wp-json\/wp\/v2\/pages\/20\" data-token=\"1223f0789927142d905f77cf12b6bcf1\" data-token-time=\"1776303920\"><noscript class=\"wpforms-error-noscript\">Please enable JavaScript in your browser to complete this form.<\/noscript><div id=\"wpforms-error-noscript\" style=\"display: none;\">Please enable JavaScript in your browser to complete this form.<\/div><div class=\"wpforms-field-container\"><div id=\"wpforms-58-field_1-container\" class=\"wpforms-field wpforms-field-text\" data-field-id=\"1\"><label class=\"wpforms-field-label\" for=\"wpforms-58-field_1\">Nimi <span class=\"wpforms-required-label\" aria-hidden=\"true\">*<\/span><\/label><input type=\"text\" id=\"wpforms-58-field_1\" class=\"wpforms-field-large wpforms-field-required\" name=\"wpforms[fields][1]\" aria-errormessage=\"wpforms-58-field_1-error\" required><\/div><div id=\"wpforms-58-field_2-container\" class=\"wpforms-field wpforms-field-text\" data-field-id=\"2\"><label class=\"wpforms-field-label\" for=\"wpforms-58-field_2\">Yritys \/ Y-tunnus<\/label><input type=\"text\" id=\"wpforms-58-field_2\" class=\"wpforms-field-large\" name=\"wpforms[fields][2]\" aria-errormessage=\"wpforms-58-field_2-error\" ><\/div><div id=\"wpforms-58-field_3-container\" class=\"wpforms-field wpforms-field-text\" data-field-id=\"3\"><label class=\"wpforms-field-label\" for=\"wpforms-58-field_3\">Puhelinnumero <span class=\"wpforms-required-label\" aria-hidden=\"true\">*<\/span><\/label><input type=\"text\" id=\"wpforms-58-field_3\" class=\"wpforms-field-large wpforms-field-required\" name=\"wpforms[fields][3]\" aria-errormessage=\"wpforms-58-field_3-error\" required><\/div><div id=\"wpforms-58-field_4-container\" class=\"wpforms-field wpforms-field-email\" data-field-id=\"4\"><label class=\"wpforms-field-label\" for=\"wpforms-58-field_4\">S\u00e4hk\u00f6posti<\/label><input type=\"email\" id=\"wpforms-58-field_4\" class=\"wpforms-field-large\" name=\"wpforms[fields][4]\" spellcheck=\"false\" aria-errormessage=\"wpforms-58-field_4-error\" ><\/div><div id=\"wpforms-58-field_5-container\" class=\"wpforms-field wpforms-field-textarea\" data-field-id=\"5\"><label class=\"wpforms-field-label\" for=\"wpforms-58-field_5\">Viesti <span class=\"wpforms-required-label\" aria-hidden=\"true\">*<\/span><\/label><textarea id=\"wpforms-58-field_5\" class=\"wpforms-field-medium wpforms-field-required wpforms-limit-characters-enabled\" data-form-id=\"58\" data-field-id=\"5\" data-text-limit=\"2000\" name=\"wpforms[fields][5]\" placeholder=\"Kerro miten voimme olla avuksi!\" aria-errormessage=\"wpforms-58-field_5-error\" maxlength=\"2000\" required><\/textarea><\/div><\/div><!-- .wpforms-field-container --><div class=\"wpforms-submit-container\" ><input type=\"hidden\" name=\"wpforms[id]\" value=\"58\"><input type=\"hidden\" name=\"page_title\" value=\"\"><input type=\"hidden\" name=\"page_url\" value=\"https:\/\/hpmartikainen.fi\/index.php\/wp-json\/wp\/v2\/pages\/20\"><input type=\"hidden\" name=\"url_referer\" value=\"\"><button type=\"submit\" name=\"wpforms[submit]\" id=\"wpforms-submit-58\" class=\"wpforms-submit\" data-alt-text=\"L\u00e4hetet\u00e4\u00e4n.\" data-submit-text=\"L\u00e4het\u00e4\" aria-live=\"assertive\" value=\"wpforms-submit\">L\u00e4het\u00e4<\/button><img loading=\"lazy\" decoding=\"async\" src=\"https:\/\/hpmartikainen.fi\/wp-content\/plugins\/wpforms-lite\/assets\/images\/submit-spin.svg\" class=\"wpforms-submit-spinner\" style=\"display: none;\" width=\"26\" height=\"26\" alt=\"Loading\"><\/div><\/form><\/div>  <!-- .wpforms-container --><\/div>\n<\/div>\n<\/div><\/div>\n<\/div><\/div>\n\n\n\n<div class=\"wp-block-columns is-layout-flex wp-container-core-columns-is-layout-9d6595d7 wp-block-columns-is-layout-flex\">\n<div class=\"wp-block-column is-layout-flow wp-block-column-is-layout-flow\">\n<div style=\"height:67px\" aria-hidden=\"true\" class=\"wp-block-spacer\"><\/div>\n\n\n<div class=\"wp-block-image icon-style is-style-default\">\n<figure class=\"aligncenter size-full is-resized\"><img loading=\"lazy\" decoding=\"async\" width=\"512\" height=\"512\" src=\"https:\/\/hpmartikainen.fi\/wp-content\/uploads\/2024\/04\/172527_price_tag_euro_icon.png\" alt=\"\" class=\"wp-image-44\" style=\"width:76px;height:auto\" srcset=\"https:\/\/hpmartikainen.fi\/wp-content\/uploads\/2024\/04\/172527_price_tag_euro_icon.png 512w, https:\/\/hpmartikainen.fi\/wp-content\/uploads\/2024\/04\/172527_price_tag_euro_icon-300x300.png 300w, https:\/\/hpmartikainen.fi\/wp-content\/uploads\/2024\/04\/172527_price_tag_euro_icon-150x150.png 150w\" sizes=\"auto, (max-width: 512px) 100vw, 512px\" \/><\/figure>\n<\/div>\n\n\n<h3 class=\"wp-block-heading has-text-align-center has-neve-text-color-color has-text-color\">KILPAILUKYKYISET HINNAT<\/h3>\n\n\n\n<p class=\"has-text-align-center\">Pid\u00e4mme huolen, ett\u00e4 asiakkaamme saa tarvitsemansa tuotteet aina kilpailukykyiseen hintaan.<\/p>\n<\/div>\n\n\n\n<div class=\"wp-block-column is-vertically-aligned-top is-layout-flow wp-block-column-is-layout-flow\">\n<div style=\"height:67px\" aria-hidden=\"true\" class=\"wp-block-spacer\"><\/div>\n\n\n<div class=\"wp-block-image icon-style is-style-default\">\n<figure class=\"aligncenter size-full is-resized\"><img loading=\"lazy\" decoding=\"async\" width=\"512\" height=\"512\" src=\"https:\/\/hpmartikainen.fi\/wp-content\/uploads\/2024\/04\/1291768_delivery_fast_quick_truck_logistics_icon.png\" alt=\"\" class=\"wp-image-43\" style=\"width:76px;height:auto\" srcset=\"https:\/\/hpmartikainen.fi\/wp-content\/uploads\/2024\/04\/1291768_delivery_fast_quick_truck_logistics_icon.png 512w, https:\/\/hpmartikainen.fi\/wp-content\/uploads\/2024\/04\/1291768_delivery_fast_quick_truck_logistics_icon-300x300.png 300w, https:\/\/hpmartikainen.fi\/wp-content\/uploads\/2024\/04\/1291768_delivery_fast_quick_truck_logistics_icon-150x150.png 150w\" sizes=\"auto, (max-width: 512px) 100vw, 512px\" \/><\/figure>\n<\/div>\n\n\n<h3 class=\"wp-block-heading has-text-align-center has-neve-text-color-color has-text-color\">NOPEA TOIMITUS<\/h3>\n\n\n\n<p class=\"has-text-align-center\">Meille on t\u00e4rke\u00e4\u00e4, ett\u00e4 tilatut tuotteet toimitetaan ripe\u00e4sti ja sovitusti. <\/p>\n\n\n\n<div style=\"height:20px\" aria-hidden=\"true\" class=\"wp-block-spacer\"><\/div>\n<\/div>\n\n\n\n<div class=\"wp-block-column is-layout-flow wp-block-column-is-layout-flow\">\n<div style=\"height:67px\" aria-hidden=\"true\" class=\"wp-block-spacer\"><\/div>\n\n\n<div class=\"wp-block-image icon-style is-style-rounded\">\n<figure class=\"aligncenter size-full is-resized\"><img loading=\"lazy\" decoding=\"async\" width=\"512\" height=\"512\" src=\"https:\/\/hpmartikainen.fi\/wp-content\/uploads\/2024\/04\/7830619_warehouse_storage_icon.png\" alt=\"\" class=\"wp-image-47\" style=\"width:76px;height:auto\" srcset=\"https:\/\/hpmartikainen.fi\/wp-content\/uploads\/2024\/04\/7830619_warehouse_storage_icon.png 512w, https:\/\/hpmartikainen.fi\/wp-content\/uploads\/2024\/04\/7830619_warehouse_storage_icon-300x300.png 300w, https:\/\/hpmartikainen.fi\/wp-content\/uploads\/2024\/04\/7830619_warehouse_storage_icon-150x150.png 150w\" sizes=\"auto, (max-width: 512px) 100vw, 512px\" \/><\/figure>\n<\/div>\n\n\n<h3 class=\"wp-block-heading has-text-align-center has-neve-text-color-color has-text-color\">OMA NOUTOVARASTO<\/h3>\n\n\n\n<p class=\"has-text-align-center\">Yll\u00e4pid\u00e4mme omaa varastoa. T\u00e4m\u00e4 mahdollistaa tuotteiden noudon ja nopeat toimitukset.<\/p>\n\n\n\n<div style=\"height:20px\" aria-hidden=\"true\" class=\"wp-block-spacer\"><\/div>\n<\/div>\n<\/div>\n","protected":false},"excerpt":{"rendered":"<p>KILPAILUKYKYISET HINNAT Pid\u00e4mme huolen, ett\u00e4 asiakkaamme saa tarvitsemansa tuotteet aina kilpailukykyiseen hintaan. NOPEA TOIMITUS Meille on t\u00e4rke\u00e4\u00e4, ett\u00e4 tilatut tuotteet toimitetaan ripe\u00e4sti ja sovitusti. OMA NOUTOVARASTO Yll\u00e4pid\u00e4mme omaa varastoa. T\u00e4m\u00e4 mahdollistaa tuotteiden noudon ja nopeat toimitukset.<\/p>\n","protected":false},"author":1,"featured_media":0,"parent":0,"menu_order":0,"comment_status":"closed","ping_status":"closed","template":"","meta":{"neve_meta_sidebar":"","neve_meta_container":"","neve_meta_enable_content_width":"on","neve_meta_content_width":100,"neve_meta_title_alignment":"","neve_meta_author_avatar":"","neve_post_elements_order":"","neve_meta_disable_header":"","neve_meta_disable_footer":"","neve_meta_disable_title":"on","footnotes":""},"class_list":["post-20","page","type-page","status-publish","hentry"],"_links":{"self":[{"href":"https:\/\/hpmartikainen.fi\/index.php\/wp-json\/wp\/v2\/pages\/20","targetHints":{"allow":["GET"]}}],"collection":[{"href":"https:\/\/hpmartikainen.fi\/index.php\/wp-json\/wp\/v2\/pages"}],"about":[{"href":"https:\/\/hpmartikainen.fi\/index.php\/wp-json\/wp\/v2\/types\/page"}],"author":[{"embeddable":true,"href":"https:\/\/hpmartikainen.fi\/index.php\/wp-json\/wp\/v2\/users\/1"}],"replies":[{"embeddable":true,"href":"https:\/\/hpmartikainen.fi\/index.php\/wp-json\/wp\/v2\/comments?post=20"}],"version-history":[{"count":12,"href":"https:\/\/hpmartikainen.fi\/index.php\/wp-json\/wp\/v2\/pages\/20\/revisions"}],"predecessor-version":[{"id":91,"href":"https:\/\/hpmartikainen.fi\/index.php\/wp-json\/wp\/v2\/pages\/20\/revisions\/91"}],"wp:attachment":[{"href":"https:\/\/hpmartikainen.fi\/index.php\/wp-json\/wp\/v2\/media?parent=20"}],"curies":[{"name":"wp","href":"https:\/\/api.w.org\/{rel}","templated":true}]}}